{"id":718,"date":"2023-10-10T09:45:12","date_gmt":"2023-10-10T09:45:12","guid":{"rendered":"http:\/\/test.loc\/cart\/"},"modified":"2024-10-07T17:58:00","modified_gmt":"2024-10-07T17:58:00","slug":"rental-cart","status":"publish","type":"page","link":"https:\/\/freres-car.com\/de\/rental-cart\/","title":{"rendered":"Leihwagen"},"content":{"rendered":"<div data-elementor-type=\"wp-page\" data-elementor-id=\"718\" class=\"elementor elementor-718\" data-elementor-post-type=\"page\">\n\t\t\t\t\t\t<section class=\"elementor-section elementor-top-section elementor-element elementor-element-50caf71 elementor-section-boxed elementor-section-height-default elementor-section-height-default\" data-id=\"50caf71\" data-element_type=\"section\" data-e-type=\"section\">\n\t\t\t\t\t\t<div class=\"elementor-container elementor-column-gap-default\">\n\t\t\t\t\t<div class=\"elementor-column elementor-col-50 elementor-top-column elementor-element elementor-element-2fd6661\" data-id=\"2fd6661\" data-element_type=\"column\" data-e-type=\"column\">\n\t\t\t<div class=\"elementor-widget-wrap elementor-element-populated\">\n\t\t\t\t\t\t<div class=\"elementor-element elementor-element-e567bec elementor-widget elementor-widget-heading\" data-id=\"e567bec\" data-element_type=\"widget\" data-e-type=\"widget\" data-widget_type=\"heading.default\">\n\t\t\t\t<div class=\"elementor-widget-container\">\n\t\t\t\t\t<h2 class=\"elementor-heading-title elementor-size-default\">FAHRZEUGANBAUTEN<\/h2>\t\t\t\t<\/div>\n\t\t\t\t<\/div>\n\t\t\t\t<div class=\"elementor-element elementor-element-63e8110 elementor-widget elementor-widget-motors-rental-vehicle-addons\" data-id=\"63e8110\" data-element_type=\"widget\" data-e-type=\"widget\" data-widget_type=\"motors-rental-vehicle-addons.default\">\n\t\t\t\t<div class=\"elementor-widget-container\">\n\t\t\t\t\t<div class=\"rental-reservation-addons\">\n\t\t\t<div class=\"stm_rental_options_archive\">\n\t\t\t<div class=\"stm_rental_option\">\n\t\t\t<div class=\"image\">\n\t\t\t<img decoding=\"async\" width=\"150\" height=\"150\" src=\"https:\/\/freres-car.com\/wp-content\/uploads\/2025\/05\/distance-150x150.png\" class=\"attachment-thumbnail size-thumbnail wp-post-image\" alt=\"\" srcset=\"https:\/\/freres-car.com\/wp-content\/uploads\/2025\/05\/distance-150x150.png 150w, https:\/\/freres-car.com\/wp-content\/uploads\/2025\/05\/distance-300x300.png 300w, https:\/\/freres-car.com\/wp-content\/uploads\/2025\/05\/distance-12x12.png 12w, https:\/\/freres-car.com\/wp-content\/uploads\/2025\/05\/distance-255x255.png 255w, https:\/\/freres-car.com\/wp-content\/uploads\/2025\/05\/distance-510x510.png 510w, https:\/\/freres-car.com\/wp-content\/uploads\/2025\/05\/distance-280x280.png 280w, https:\/\/freres-car.com\/wp-content\/uploads\/2025\/05\/distance-350x350.png 350w, https:\/\/freres-car.com\/wp-content\/uploads\/2025\/05\/distance-398x398.png 398w, https:\/\/freres-car.com\/wp-content\/uploads\/2025\/05\/distance-100x100.png 100w, https:\/\/freres-car.com\/wp-content\/uploads\/2025\/05\/distance.png 512w\" sizes=\"(max-width: 150px) 100vw, 150px\">\t\t<\/div>\n\t\t<div class=\"stm_rental_option_content\">\n\t\t<div class=\"content\">\n\t\t\t<div class=\"title\">\n\t\t\t\t<h4>ERHOLUNGSGEB\u00dcHR<\/h4>\n\t\t\t<\/div>\n\t\t\t\t\t\t\t<div class=\"stm-more\">\n\t\t\t\t\t<a href=\"#\">\n\t\t\t\t\t\t<span>Mehr Informationen<\/span>\n\t\t\t\t\t\t<i class=\"fas fa-angle-down\"><\/i>\n\t\t\t\t\t<\/a>\n\t\t\t\t<\/div>\n\t\t\t\t\t<\/div>\n\t\t<div class=\"meta\">\n\t\t\t\t\t\t<div class=\"price\">\n\t\t\t\t\t\t\t\t\t<div class=\"sale_price\">\n\t\t\t\t\t\t\t\t\t\t\t<\/div>\n\t\t\t\t\t\t\t\t<div class=\"current_price heading-font\">\n\t\t\t\t\t\t\t\t\t<\/div>\n\t\t\t<\/div>\n\n\t\t\t\t\t\t\t<div class=\"stm-add-to-cart heading-font stm-manage-stock-no\">\n\t\t\t\t\t<a href=\"\/de\/wp-json\/wp\/v2\/pages\/718?add-to-cart=2268\">\n\t\t\t\t\t\tHinzuf\u00fcgen\t\t\t\t\t<\/a>\n\t\t\t\t<\/div>\n\t\t\t\t\t<\/div>\n\t\t<div class=\"clearfix\"><\/div>\n\n\t\t\t\t\t<div class=\"more\">\n\t\t\t\t\ud83d\udccd R\u00fcckgabeoptionen: Essaouira (kostenlos)Kostenlose R\u00fcckgabe in Essaouira. Marrakesch (+40\u20ac)R\u00fcckgabe des Fahrzeugs in Marrakesch f\u00fcr zus\u00e4tzliche 40\u20ac. Agadir (+40\u20ac)R\u00fcckgabe des Fahrzeugs in Agadir f\u00fcr zus\u00e4tzliche 40\u20ac. Andere St\u00e4dte (bitte kontaktieren Sie uns zuerst)F\u00fcr die R\u00fcckgabe in anderen St\u00e4dten, kontaktieren Sie uns bitte vor der Buchung.\t\t\t<\/div>\n\t\t\t<\/div>\n<\/div>\n\t\t<\/div>\n\n\t\t\t<div class=\"stm_rental_options_archive\">\n\t\t\t<div class=\"stm_rental_option\">\n\t\t\t<div class=\"image\">\n\t\t\t<img decoding=\"async\" width=\"150\" height=\"150\" src=\"https:\/\/freres-car.com\/wp-content\/uploads\/2025\/05\/distance-150x150.png\" class=\"attachment-thumbnail size-thumbnail wp-post-image\" alt=\"\" srcset=\"https:\/\/freres-car.com\/wp-content\/uploads\/2025\/05\/distance-150x150.png 150w, https:\/\/freres-car.com\/wp-content\/uploads\/2025\/05\/distance-300x300.png 300w, https:\/\/freres-car.com\/wp-content\/uploads\/2025\/05\/distance-12x12.png 12w, https:\/\/freres-car.com\/wp-content\/uploads\/2025\/05\/distance-255x255.png 255w, https:\/\/freres-car.com\/wp-content\/uploads\/2025\/05\/distance-510x510.png 510w, https:\/\/freres-car.com\/wp-content\/uploads\/2025\/05\/distance-280x280.png 280w, https:\/\/freres-car.com\/wp-content\/uploads\/2025\/05\/distance-350x350.png 350w, https:\/\/freres-car.com\/wp-content\/uploads\/2025\/05\/distance-398x398.png 398w, https:\/\/freres-car.com\/wp-content\/uploads\/2025\/05\/distance-100x100.png 100w, https:\/\/freres-car.com\/wp-content\/uploads\/2025\/05\/distance.png 512w\" sizes=\"(max-width: 150px) 100vw, 150px\">\t\t<\/div>\n\t\t<div class=\"stm_rental_option_content\">\n\t\t<div class=\"content\">\n\t\t\t<div class=\"title\">\n\t\t\t\t<h4>LIEFERGEB\u00dcHR<\/h4>\n\t\t\t<\/div>\n\t\t\t\t\t\t\t<div class=\"stm-more\">\n\t\t\t\t\t<a href=\"#\">\n\t\t\t\t\t\t<span>Mehr Informationen<\/span>\n\t\t\t\t\t\t<i class=\"fas fa-angle-down\"><\/i>\n\t\t\t\t\t<\/a>\n\t\t\t\t<\/div>\n\t\t\t\t\t<\/div>\n\t\t<div class=\"meta\">\n\t\t\t\t\t\t<div class=\"price\">\n\t\t\t\t\t\t\t\t\t<div class=\"sale_price\">\n\t\t\t\t\t\t\t\t\t\t\t<\/div>\n\t\t\t\t\t\t\t\t<div class=\"current_price heading-font\">\n\t\t\t\t\t\t\t\t\t<\/div>\n\t\t\t<\/div>\n\n\t\t\t\t\t\t\t<div class=\"stm-add-to-cart heading-font stm-manage-stock-no\">\n\t\t\t\t\t<a href=\"\/de\/wp-json\/wp\/v2\/pages\/718?add-to-cart=2252\">\n\t\t\t\t\t\tHinzuf\u00fcgen\t\t\t\t\t<\/a>\n\t\t\t\t<\/div>\n\t\t\t\t\t<\/div>\n\t\t<div class=\"clearfix\"><\/div>\n\n\t\t\t\t\t<div class=\"more\">\n\t\t\t\t\ud83d\ude97 Lieferung Stadt Optionen: Essaouira (Free)Kostenlose Lieferung innerhalb Essaouira Stadt. Marrakesch (+40\u20ac)Lieferung zum Flughafen oder Stadtzentrum von Marrakesch f\u00fcr einen Aufpreis von 40\u20ac. Agadir (+40\u20ac)Lieferung zum Flughafen oder ins Stadtzentrum von Agadir f\u00fcr zus\u00e4tzliche 40\u20ac. Andere St\u00e4dte (bitte kontaktieren Sie uns zuerst)F\u00fcr die Lieferung in andere St\u00e4dte, kontaktieren Sie uns bitte vor der Buchung.\t\t\t<\/div>\n\t\t\t<\/div>\n<\/div>\n\t\t<\/div>\n\n\t\t\t<div class=\"stm_rental_options_archive\">\n\t\t\t<div class=\"stm_rental_option\">\n\t\t\t<div class=\"image\">\n\t\t\t<img decoding=\"async\" width=\"150\" height=\"150\" src=\"https:\/\/freres-car.com\/wp-content\/uploads\/2024\/10\/license-300x300-1-150x150.png\" class=\"attachment-thumbnail size-thumbnail wp-post-image\" alt=\"Zweiter Fahrer\" srcset=\"https:\/\/freres-car.com\/wp-content\/uploads\/2024\/10\/license-300x300-1-150x150.png 150w, https:\/\/freres-car.com\/wp-content\/uploads\/2024\/10\/license-300x300-1-100x100.png 100w, https:\/\/freres-car.com\/wp-content\/uploads\/2024\/10\/license-300x300-1-255x255.png 255w, https:\/\/freres-car.com\/wp-content\/uploads\/2024\/10\/license-300x300-1-280x280.png 280w, https:\/\/freres-car.com\/wp-content\/uploads\/2024\/10\/license-300x300-1.png 300w\" sizes=\"(max-width: 150px) 100vw, 150px\" \/>\t\t<\/div>\n\t\t<div class=\"stm_rental_option_content\">\n\t\t<div class=\"content\">\n\t\t\t<div class=\"title\">\n\t\t\t\t<h4>Zweiter Fahrer<\/h4>\n\t\t\t<\/div>\n\t\t\t\t\t<\/div>\n\t\t<div class=\"meta\">\n\t\t\t\t\t\t<div class=\"price\">\n\t\t\t\t\t\t\t\t\t<div class=\"empty_sale_price\"><\/div>\n\t\t\t\t\t\t\t\t<div class=\"current_price heading-font\">\n\t\t\t\t\t\t\t\t\t<\/div>\n\t\t\t<\/div>\n\n\t\t\t\t\t\t\t<div class=\"stm-add-to-cart heading-font stm-manage-stock-no\">\n\t\t\t\t\t<a href=\"\/de\/wp-json\/wp\/v2\/pages\/718?add-to-cart=1394\">\n\t\t\t\t\t\tHinzuf\u00fcgen\t\t\t\t\t<\/a>\n\t\t\t\t<\/div>\n\t\t\t\t\t<\/div>\n\t\t<div class=\"clearfix\"><\/div>\n\n\t\t\t<\/div>\n<\/div>\n\t\t<\/div>\n\n\t\t\t<div class=\"stm_rental_options_archive\">\n\t\t\t<div class=\"stm_rental_option\">\n\t\t\t<div class=\"image\">\n\t\t\t<img decoding=\"async\" width=\"150\" height=\"150\" src=\"https:\/\/freres-car.com\/wp-content\/uploads\/2024\/10\/baby-car-seat-300x300-1-150x150.png\" class=\"attachment-thumbnail size-thumbnail wp-post-image\" alt=\"Kindersitz\" srcset=\"https:\/\/freres-car.com\/wp-content\/uploads\/2024\/10\/baby-car-seat-300x300-1-150x150.png 150w, https:\/\/freres-car.com\/wp-content\/uploads\/2024\/10\/baby-car-seat-300x300-1-100x100.png 100w, https:\/\/freres-car.com\/wp-content\/uploads\/2024\/10\/baby-car-seat-300x300-1-255x255.png 255w, https:\/\/freres-car.com\/wp-content\/uploads\/2024\/10\/baby-car-seat-300x300-1-280x280.png 280w, https:\/\/freres-car.com\/wp-content\/uploads\/2024\/10\/baby-car-seat-300x300-1.png 300w\" sizes=\"(max-width: 150px) 100vw, 150px\" \/>\t\t<\/div>\n\t\t<div class=\"stm_rental_option_content\">\n\t\t<div class=\"content\">\n\t\t\t<div class=\"title\">\n\t\t\t\t<h4>Kindersitz<\/h4>\n\t\t\t<\/div>\n\t\t\t\t\t<\/div>\n\t\t<div class=\"meta\">\n\t\t\t\t\t\t<div class=\"price\">\n\t\t\t\t\t\t\t\t\t<div class=\"empty_sale_price\"><\/div>\n\t\t\t\t\t\t\t\t<div class=\"current_price heading-font\">\n\t\t\t\t\t\t\t\t\t<\/div>\n\t\t\t<\/div>\n\n\t\t\t\t\t\t\t<div class=\"stm-add-to-cart heading-font stm-manage-stock-no\">\n\t\t\t\t\t<a href=\"\/de\/wp-json\/wp\/v2\/pages\/718?add-to-cart=1390\">\n\t\t\t\t\t\tHinzuf\u00fcgen\t\t\t\t\t<\/a>\n\t\t\t\t<\/div>\n\t\t\t\t\t<\/div>\n\t\t<div class=\"clearfix\"><\/div>\n\n\t\t\t<\/div>\n<\/div>\n\t\t<\/div>\n\n\t\t\t<div class=\"stm_rental_options_archive\">\n\t\t\t<div class=\"stm_rental_option\">\n\t\t\t<div class=\"image\">\n\t\t\t<img loading=\"lazy\" decoding=\"async\" width=\"150\" height=\"150\" src=\"https:\/\/freres-car.com\/wp-content\/uploads\/2024\/10\/life-insurance-300x300-1-150x150.png\" class=\"attachment-thumbnail size-thumbnail wp-post-image\" alt=\"Super Protective Versicherung\" srcset=\"https:\/\/freres-car.com\/wp-content\/uploads\/2024\/10\/life-insurance-300x300-1-150x150.png 150w, https:\/\/freres-car.com\/wp-content\/uploads\/2024\/10\/life-insurance-300x300-1-100x100.png 100w, https:\/\/freres-car.com\/wp-content\/uploads\/2024\/10\/life-insurance-300x300-1-255x255.png 255w, https:\/\/freres-car.com\/wp-content\/uploads\/2024\/10\/life-insurance-300x300-1-280x280.png 280w, https:\/\/freres-car.com\/wp-content\/uploads\/2024\/10\/life-insurance-300x300-1.png 300w\" sizes=\"(max-width: 150px) 100vw, 150px\" \/>\t\t<\/div>\n\t\t<div class=\"stm_rental_option_content\">\n\t\t<div class=\"content\">\n\t\t\t<div class=\"title\">\n\t\t\t\t<h4>Super Protective Versicherung<\/h4>\n\t\t\t<\/div>\n\t\t\t\t\t<\/div>\n\t\t<div class=\"meta\">\n\t\t\t\t\t\t<div class=\"price\">\n\t\t\t\t\t\t\t\t\t<div class=\"empty_sale_price\"><\/div>\n\t\t\t\t\t\t\t\t<div class=\"current_price heading-font\">\n\t\t\t\t\t\t\t\t\t<\/div>\n\t\t\t<\/div>\n\n\t\t\t\t\t\t\t<div class=\"stm-add-to-cart heading-font stm-manage-stock-no\">\n\t\t\t\t\t<a href=\"\/de\/wp-json\/wp\/v2\/pages\/718?add-to-cart=1388\">\n\t\t\t\t\t\tHinzuf\u00fcgen\t\t\t\t\t<\/a>\n\t\t\t\t<\/div>\n\t\t\t\t\t<\/div>\n\t\t<div class=\"clearfix\"><\/div>\n\n\t\t\t<\/div>\n<\/div>\n\t\t<\/div>\n\n\t\t\t<div class=\"stm_rental_options_archive\">\n\t\t\t<div class=\"stm_rental_option\">\n\t\t\t<div class=\"image\">\n\t\t\t<img loading=\"lazy\" decoding=\"async\" width=\"150\" height=\"150\" src=\"https:\/\/freres-car.com\/wp-content\/uploads\/2024\/10\/bars-150x150.png\" class=\"attachment-thumbnail size-thumbnail wp-post-image\" alt=\"Bars\" srcset=\"https:\/\/freres-car.com\/wp-content\/uploads\/2024\/10\/bars-150x150.png 150w, https:\/\/freres-car.com\/wp-content\/uploads\/2024\/10\/bars-300x300.png 300w, https:\/\/freres-car.com\/wp-content\/uploads\/2024\/10\/bars-100x100.png 100w, https:\/\/freres-car.com\/wp-content\/uploads\/2024\/10\/bars-255x255.png 255w, https:\/\/freres-car.com\/wp-content\/uploads\/2024\/10\/bars-510x510.png 510w, https:\/\/freres-car.com\/wp-content\/uploads\/2024\/10\/bars-280x280.png 280w, https:\/\/freres-car.com\/wp-content\/uploads\/2024\/10\/bars-350x350.png 350w, https:\/\/freres-car.com\/wp-content\/uploads\/2024\/10\/bars-398x398.png 398w, https:\/\/freres-car.com\/wp-content\/uploads\/2024\/10\/bars.png 512w\" sizes=\"(max-width: 150px) 100vw, 150px\" \/>\t\t<\/div>\n\t\t<div class=\"stm_rental_option_content\">\n\t\t<div class=\"content\">\n\t\t\t<div class=\"title\">\n\t\t\t\t<h4>PKW-DACHBAR<\/h4>\n\t\t\t<\/div>\n\t\t\t\t\t<\/div>\n\t\t<div class=\"meta\">\n\t\t\t\t\t\t<div class=\"price\">\n\t\t\t\t\t\t\t\t\t<div class=\"empty_sale_price\"><\/div>\n\t\t\t\t\t\t\t\t<div class=\"current_price heading-font\">\n\t\t\t\t\t\t\t\t\t<\/div>\n\t\t\t<\/div>\n\n\t\t\t\t\t\t\t<div class=\"stm-add-to-cart heading-font stm-manage-stock-no\">\n\t\t\t\t\t<a href=\"\/de\/wp-json\/wp\/v2\/pages\/718?add-to-cart=1377\">\n\t\t\t\t\t\tHinzuf\u00fcgen\t\t\t\t\t<\/a>\n\t\t\t\t<\/div>\n\t\t\t\t\t<\/div>\n\t\t<div class=\"clearfix\"><\/div>\n\n\t\t\t<\/div>\n<\/div>\n\t\t<\/div>\n\n\t\t<script>\n\t\tjQuery(document).ready(function(){\n\t\t\tvar $ = jQuery;\n\t\t\t$('.stm-manage-stock-yes a').on('click', function(e){\n\t\t\t\te.preventDefault();\n\t\t\t\te.stopPropagation();\n\t\t\t\tvar stmHref = $(this).attr('href');\n\t\t\t\tvar quantityValue = $(this).closest('.meta').find('.qty').val();\n\t\t\t\tvar quantity = '&quantity=' + quantityValue;\n\t\t\t\tstmHref += quantity;\n\t\t\t\twindow.location.href = stmHref;\n\t\t\t});\n\t\t})\n\t<\/script>\n\t<\/div>\n\t\t\t\t<\/div>\n\t\t\t\t<\/div>\n\t\t\t\t\t<\/div>\n\t\t<\/div>\n\t\t\t\t<div class=\"elementor-column elementor-col-50 elementor-top-column elementor-element elementor-element-47a8448\" data-id=\"47a8448\" data-element_type=\"column\" data-e-type=\"column\">\n\t\t\t<div class=\"elementor-widget-wrap elementor-element-populated\">\n\t\t\t\t\t\t<section class=\"elementor-section elementor-inner-section elementor-element elementor-element-7615de4 elementor-section-boxed elementor-section-height-default elementor-section-height-default\" data-id=\"7615de4\" data-element_type=\"section\" data-e-type=\"section\">\n\t\t\t\t\t\t<div class=\"elementor-container elementor-column-gap-default\">\n\t\t\t\t\t<div class=\"elementor-column elementor-col-50 elementor-inner-column elementor-element elementor-element-ee1d245 elementor-hidden-tablet elementor-hidden-mobile\" data-id=\"ee1d245\" data-element_type=\"column\" data-e-type=\"column\">\n\t\t\t<div class=\"elementor-widget-wrap\">\n\t\t\t\t\t\t\t<\/div>\n\t\t<\/div>\n\t\t\t\t<div class=\"elementor-column elementor-col-50 elementor-inner-column elementor-element elementor-element-4e46cb1\" data-id=\"4e46cb1\" data-element_type=\"column\" data-e-type=\"column\">\n\t\t\t<div class=\"elementor-widget-wrap elementor-element-populated\">\n\t\t\t\t\t\t<div class=\"elementor-element elementor-element-0d2d107 elementor-widget elementor-widget-motors-rental-coupon\" data-id=\"0d2d107\" data-element_type=\"widget\" data-e-type=\"widget\" data-widget_type=\"motors-rental-coupon.default\">\n\t\t\t\t<div class=\"elementor-widget-container\">\n\t\t\t\t\t<div class=\"rental-coupon\">\n\t<div class=\"stm_rental_coupon\">\n    <form class=\"stm_checkout_coupon\" method=\"post\" action=\"\">\n\n        <p class=\"form-row form-row-first\">\n            <input type=\"text\" name=\"coupon_code\" class=\"input-text\" placeholder=\"Gutscheincode\" id=\"coupon_code\" value=\"\" \/>\n        <\/p>\n\n        <p class=\"form-row form-row-last\">\n            <input type=\"submit\" class=\"button\" name=\"apply_coupon\" value=\"Gutschein anwenden\" \/>\n        <\/p>\n\n        <div class=\"clear\"><\/div>\n    <input type=\"hidden\" name=\"trp-form-language\" value=\"de\"\/><\/form>\n<\/div>\n\n<script>\n    (function($){\n        $(document).ready(function(){\n            var $coupon = $('.stm_checkout_coupon .input-text');\n            $coupon.on('focus', function(){\n                $('.stm_checkout_coupon').addClass('active');\n            });\n\n            $coupon.on('focusout', function(){\n                $('.stm_checkout_coupon').removeClass('active');\n            })\n        });\n    })(jQuery)\n<\/script><\/div>\n\t\t\t\t<\/div>\n\t\t\t\t<\/div>\n\t\t\t\t\t<\/div>\n\t\t<\/div>\n\t\t\t\t\t<\/div>\n\t\t<\/section>\n\t\t\t\t<div class=\"elementor-element elementor-element-3c72651 elementor-widget elementor-widget-motors-rental-reservation-info\" data-id=\"3c72651\" data-element_type=\"widget\" data-e-type=\"widget\" data-widget_type=\"motors-rental-reservation-info.default\">\n\t\t\t\t<div class=\"elementor-widget-container\">\n\t\t\t\t\t<div>\n\t\n<div class=\"stm_rent_order_info\">\n\t\n<div class=\"title\">\n\t<h4>Auto<\/h4>\n\t<div class=\"subtitle heading-font\">Bitte w\u00e4hlen Sie Ihr Fahrzeug aus <\/div>\n<\/div>\n<div class=\"image image-placeholder\">\n\t<a href=\"https:\/\/freres-car.com\/de\/reservation\/\">\n\t\t<div class=\"placeholder\">\n\t\t\t<span class=\"plus\"><\/span>\n\t\t\t<i class=\"stm-icon-car-relic\"><\/i>\n\t\t<\/div>\n\t\t<div class=\"clearfix\"><\/div>\n\t\t<span class=\"button\">\n\t\t\tFinde ein Fahrzeug\t\t\t<i class=\"fas fa-arrow-right\"><\/i>\n\t\t<\/span>\n\t<\/a>\n<\/div>\n\n<!--Car rent-->\n<div class=\"stm_rent_table\">\n\t<div class=\"heading heading-font\"><h4>Bewertung<\/h4><\/div>\n\t<table>\n\n\t\t<tbody>\n\t\t\t<tr>\n\t\t\t\t<td colspan=\"3\" class=\"divider\"><\/td>\n\t\t\t<\/tr>\n\t\t\t<tr>\n\t\t\t\t<td>--<\/td>\n\t\t\t\t<td>--<\/td>\n\t\t\t\t<td>--<\/td>\n\t\t\t<\/tr>\n\t\t\t<tr>\n\t\t\t\t<td colspan=\"3\" class=\"divider\"><\/td>\n\t\t\t<\/tr>\n\t\t<\/tbody>\n\t<\/table>\n<\/div>\n\n<!--Add-ons-->\n\n<div class=\"stm_rent_table\">\n\t<div class=\"heading heading-font\"><h4>Add-Ons<\/h4><\/div>\n\t<table>\n\t\t\t\t\t<tbody>\n\t\t\t\t<tr>\n\t\t\t\t\t<td colspan=\"3\" class=\"divider\"><\/td>\n\t\t\t\t<\/tr>\n\t\t\t\t<tr>\n\t\t\t\t\t<td>--<\/td>\n\t\t\t\t\t<td>--<\/td>\n\t\t\t\t\t<td>--<\/td>\n\t\t\t\t<\/tr>\n\t\t\t\t<tr>\n\t\t\t\t\t<td colspan=\"3\" class=\"divider\"><\/td>\n\t\t\t\t<\/tr>\n\t\t\t<\/tbody>\n\t\t\t<\/table>\n\n<\/div>\n\n<div class=\"stm-rent-total heading-font\">\n\t<table>\n\t\t<tr>\n\t\t\t<td>Gesch\u00e4tzter Gesamtwert<\/td>\n\t\t\t<td>--<\/td>\n\t\t<\/tr>\n\t<\/table>\n<\/div>\n<\/div>\n<\/div>\n\t\t\t\t<\/div>\n\t\t\t\t<\/div>\n\t\t\t\t\t<\/div>\n\t\t<\/div>\n\t\t\t\t\t<\/div>\n\t\t<\/section>\n\t\t\t\t<\/div>","protected":false},"excerpt":{"rendered":"<p>VEHICLE ADD-ONS Additional Driver More information Add On online car rental website Freres Car, the \u201cAdd a Second Driver\u201d feature gives customers the flexibility to designate an additional person to share driving responsibilities during the rental period. This convenient option allows travelers to easily manage driving duties and accommodate different travel preferences. Child Seat More&#8230;<\/p>","protected":false},"author":1,"featured_media":0,"parent":0,"menu_order":0,"comment_status":"closed","ping_status":"closed","template":"","meta":{"footnotes":""},"class_list":["post-718","page","type-page","status-publish","hentry"],"_links":{"self":[{"href":"https:\/\/freres-car.com\/de\/wp-json\/wp\/v2\/pages\/718","targetHints":{"allow":["GET"]}}],"collection":[{"href":"https:\/\/freres-car.com\/de\/wp-json\/wp\/v2\/pages"}],"about":[{"href":"https:\/\/freres-car.com\/de\/wp-json\/wp\/v2\/types\/page"}],"author":[{"embeddable":true,"href":"https:\/\/freres-car.com\/de\/wp-json\/wp\/v2\/users\/1"}],"replies":[{"embeddable":true,"href":"https:\/\/freres-car.com\/de\/wp-json\/wp\/v2\/comments?post=718"}],"version-history":[{"count":0,"href":"https:\/\/freres-car.com\/de\/wp-json\/wp\/v2\/pages\/718\/revisions"}],"wp:attachment":[{"href":"https:\/\/freres-car.com\/de\/wp-json\/wp\/v2\/media?parent=718"}],"curies":[{"name":"wp","href":"https:\/\/api.w.org\/{rel}","templated":true}]}}