{"id":2252,"date":"2025-05-16T16:47:07","date_gmt":"2025-05-16T16:47:07","guid":{"rendered":"https:\/\/freres-car.com\/?post_type=product&#038;p=2252"},"modified":"2025-05-20T11:15:47","modified_gmt":"2025-05-20T11:15:47","slug":"liefergebuhr","status":"publish","type":"product","link":"https:\/\/freres-car.com\/de\/delivery-fee\/","title":{"rendered":"LIEFERGEB\u00dcHR"},"content":{"rendered":"<h3 class=\"\" data-start=\"121\" data-end=\"154\">\ud83d\ude97 <strong data-start=\"128\" data-end=\"154\">Optionen f\u00fcr Lieferorte:<\/strong><\/h3>\n<ul data-start=\"156\" data-end=\"515\">\n<li class=\"\" data-start=\"156\" data-end=\"221\">\n<p class=\"\" data-start=\"158\" data-end=\"221\"><strong data-start=\"158\" data-end=\"178\">Essaouira (Frei)<\/strong><br data-start=\"178\" data-end=\"181\" \/><em data-start=\"183\" data-end=\"221\">Kostenlose Lieferung innerhalb Essaouira Stadt.<\/em><\/p>\n<\/li>\n<li class=\"\" data-start=\"223\" data-end=\"314\">\n<p class=\"\" data-start=\"225\" data-end=\"314\"><strong data-start=\"225\" data-end=\"245\">Marrakesch (+40\u20ac)<\/strong><br data-start=\"245\" data-end=\"248\" \/><em data-start=\"250\" data-end=\"314\">Lieferung zum Flughafen oder ins Stadtzentrum von Marrakesch f\u00fcr einen Aufpreis von 40 \u20ac.<\/em><\/p>\n<\/li>\n<li class=\"\" data-start=\"316\" data-end=\"401\">\n<p class=\"\" data-start=\"318\" data-end=\"401\"><strong data-start=\"318\" data-end=\"335\">Agadir (+40\u20ac)<\/strong><br data-start=\"335\" data-end=\"338\" \/><em data-start=\"340\" data-end=\"401\">Lieferung zum Flughafen Agadir oder ins Stadtzentrum f\u00fcr einen Aufpreis von 40\u20ac.<\/em><\/p>\n<\/li>\n<li class=\"\" data-start=\"403\" data-end=\"515\">\n<p class=\"\" data-start=\"405\" data-end=\"515\"><strong data-start=\"405\" data-end=\"445\">Andere Stadt (bitte kontaktieren Sie uns zuerst)<\/strong><br data-start=\"445\" data-end=\"448\" \/><em data-start=\"450\" data-end=\"515\">F\u00fcr die Lieferung in andere St\u00e4dte, kontaktieren Sie uns bitte vor der Buchung.<\/em><\/p>\n<\/li>\n<\/ul>","protected":false},"excerpt":{"rendered":"<p>\ud83d\ude97 Lieferung Stadt Optionen: Essaouira (Free)Kostenlose Lieferung innerhalb Essaouira Stadt. Marrakesch (+40\u20ac)Lieferung zum Flughafen oder Stadtzentrum von Marrakesch f\u00fcr einen Aufpreis von 40\u20ac. Agadir (+40\u20ac)Lieferung zum Flughafen oder ins Stadtzentrum von Agadir f\u00fcr zus\u00e4tzliche 40\u20ac. Andere St\u00e4dte (bitte kontaktieren Sie uns zuerst)F\u00fcr die Lieferung in andere St\u00e4dte, kontaktieren Sie uns bitte vor der Buchung.<\/p>","protected":false},"featured_media":2257,"comment_status":"open","ping_status":"closed","template":"","meta":[],"product_brand":[],"product_cat":[28],"product_tag":[],"class_list":{"0":"post-2252","1":"product","2":"type-product","3":"status-publish","4":"has-post-thumbnail","6":"product_cat-add-ons","8":"first","9":"instock","10":"sale","11":"shipping-taxable","12":"purchasable","13":"product-type-car_option"},"_links":{"self":[{"href":"https:\/\/freres-car.com\/de\/wp-json\/wp\/v2\/product\/2252","targetHints":{"allow":["GET"]}}],"collection":[{"href":"https:\/\/freres-car.com\/de\/wp-json\/wp\/v2\/product"}],"about":[{"href":"https:\/\/freres-car.com\/de\/wp-json\/wp\/v2\/types\/product"}],"replies":[{"embeddable":true,"href":"https:\/\/freres-car.com\/de\/wp-json\/wp\/v2\/comments?post=2252"}],"version-history":[{"count":0,"href":"https:\/\/freres-car.com\/de\/wp-json\/wp\/v2\/product\/2252\/revisions"}],"wp:featuredmedia":[{"embeddable":true,"href":"https:\/\/freres-car.com\/de\/wp-json\/wp\/v2\/media\/2257"}],"wp:attachment":[{"href":"https:\/\/freres-car.com\/de\/wp-json\/wp\/v2\/media?parent=2252"}],"wp:term":[{"taxonomy":"product_brand","embeddable":true,"href":"https:\/\/freres-car.com\/de\/wp-json\/wp\/v2\/product_brand?post=2252"},{"taxonomy":"product_cat","embeddable":true,"href":"https:\/\/freres-car.com\/de\/wp-json\/wp\/v2\/product_cat?post=2252"},{"taxonomy":"product_tag","embeddable":true,"href":"https:\/\/freres-car.com\/de\/wp-json\/wp\/v2\/product_tag?post=2252"}],"curies":[{"name":"wp","href":"https:\/\/api.w.org\/{rel}","templated":true}]}}