{"id":2268,"date":"2025-05-20T11:15:55","date_gmt":"2025-05-20T11:15:55","guid":{"rendered":"https:\/\/freres-car.com\/?post_type=product&#038;p=2268"},"modified":"2025-05-20T11:17:52","modified_gmt":"2025-05-20T11:17:52","slug":"beitreibungsgebuhr","status":"publish","type":"product","link":"https:\/\/freres-car.com\/de\/recovery-fee\/","title":{"rendered":"ERHOLUNGSGEB\u00dcHR"},"content":{"rendered":"<h3 class=\"\" data-start=\"522\" data-end=\"553\">\ud83d\udccd <strong data-start=\"529\" data-end=\"553\">Optionen f\u00fcr die R\u00fcckgabe von St\u00e4dten:<\/strong><\/h3>\n<p><\/p>\n<ul data-start=\"555\" data-end=\"871\">\n<li class=\"\" data-start=\"555\" data-end=\"613\">\n<p class=\"\" data-start=\"557\" data-end=\"613\"><strong data-start=\"557\" data-end=\"577\">Essaouira (Frei)<\/strong><br data-start=\"577\" data-end=\"580\" \/><em data-start=\"582\" data-end=\"613\">Kostenlose R\u00fcckgabe innerhalb von Essaouira.<\/em><\/p>\n<\/li>\n<li class=\"\" data-start=\"615\" data-end=\"689\">\n<p class=\"\" data-start=\"617\" data-end=\"689\"><strong data-start=\"617\" data-end=\"637\">Marrakesch (+40\u20ac)<\/strong><br data-start=\"637\" data-end=\"640\" \/><em data-start=\"642\" data-end=\"689\">R\u00fcckgabe des Autos in Marrakesch f\u00fcr 40 \u20ac extra.<\/em><\/p>\n<\/li>\n<li class=\"\" data-start=\"691\" data-end=\"759\">\n<p class=\"\" data-start=\"693\" data-end=\"759\"><strong data-start=\"693\" data-end=\"710\">Agadir (+40\u20ac)<\/strong><br data-start=\"710\" data-end=\"713\" \/><em data-start=\"715\" data-end=\"759\">R\u00fcckgabe des Autos in Agadir f\u00fcr 40\u20ac extra.<\/em><\/p>\n<\/li>\n<li class=\"\" data-start=\"761\" data-end=\"871\">\n<p class=\"\" data-start=\"763\" data-end=\"871\"><strong data-start=\"763\" data-end=\"803\">Andere Stadt (bitte kontaktieren Sie uns zuerst)<\/strong><br data-start=\"803\" data-end=\"806\" \/><em data-start=\"808\" data-end=\"871\">F\u00fcr die R\u00fcckgabe in anderen St\u00e4dten, kontaktieren Sie uns bitte vor der Buchung.<\/em><\/p>\n<\/li>\n<\/ul>","protected":false},"excerpt":{"rendered":"<p>\ud83d\udccd R\u00fcckgabeoptionen: Essaouira (kostenlos)Kostenlose R\u00fcckgabe in Essaouira. Marrakesch (+40\u20ac)R\u00fcckgabe des Fahrzeugs in Marrakesch f\u00fcr zus\u00e4tzliche 40\u20ac. Agadir (+40\u20ac)R\u00fcckgabe des Fahrzeugs in Agadir f\u00fcr zus\u00e4tzliche 40\u20ac. Andere St\u00e4dte (bitte kontaktieren Sie uns zuerst)F\u00fcr die R\u00fcckgabe in anderen St\u00e4dten, kontaktieren Sie uns bitte vor der Buchung.<\/p>","protected":false},"featured_media":2257,"comment_status":"open","ping_status":"closed","template":"","meta":[],"product_brand":[],"product_cat":[28],"product_tag":[],"class_list":{"0":"post-2268","1":"product","2":"type-product","3":"status-publish","4":"has-post-thumbnail","6":"product_cat-add-ons","8":"first","9":"instock","10":"sale","11":"shipping-taxable","12":"purchasable","13":"product-type-car_option"},"_links":{"self":[{"href":"https:\/\/freres-car.com\/de\/wp-json\/wp\/v2\/product\/2268","targetHints":{"allow":["GET"]}}],"collection":[{"href":"https:\/\/freres-car.com\/de\/wp-json\/wp\/v2\/product"}],"about":[{"href":"https:\/\/freres-car.com\/de\/wp-json\/wp\/v2\/types\/product"}],"replies":[{"embeddable":true,"href":"https:\/\/freres-car.com\/de\/wp-json\/wp\/v2\/comments?post=2268"}],"version-history":[{"count":0,"href":"https:\/\/freres-car.com\/de\/wp-json\/wp\/v2\/product\/2268\/revisions"}],"wp:featuredmedia":[{"embeddable":true,"href":"https:\/\/freres-car.com\/de\/wp-json\/wp\/v2\/media\/2257"}],"wp:attachment":[{"href":"https:\/\/freres-car.com\/de\/wp-json\/wp\/v2\/media?parent=2268"}],"wp:term":[{"taxonomy":"product_brand","embeddable":true,"href":"https:\/\/freres-car.com\/de\/wp-json\/wp\/v2\/product_brand?post=2268"},{"taxonomy":"product_cat","embeddable":true,"href":"https:\/\/freres-car.com\/de\/wp-json\/wp\/v2\/product_cat?post=2268"},{"taxonomy":"product_tag","embeddable":true,"href":"https:\/\/freres-car.com\/de\/wp-json\/wp\/v2\/product_tag?post=2268"}],"curies":[{"name":"wp","href":"https:\/\/api.w.org\/{rel}","templated":true}]}}