{"id":922,"date":"2024-10-04T19:05:48","date_gmt":"2024-10-04T19:05:48","guid":{"rendered":"https:\/\/staging.freres-car.com\/?post_type=product&#038;p=922"},"modified":"2026-02-05T14:09:04","modified_gmt":"2026-02-05T14:09:04","slug":"dacia-sandero","status":"publish","type":"product","link":"https:\/\/freres-car.com\/de\/dacia-sandero\/","title":{"rendered":"Dacia Sandero"},"content":{"rendered":"<p>Der Dacia Sandero ist eine zuverl\u00e4ssige und wirtschaftliche Wahl f\u00fcr die Autovermietung. Diese Schr\u00e4ghecklimousine bietet bequeme Sitze, viel Platz f\u00fcr Unterhaltung und einen effizienten Kraftstoffverbrauch, was sie zu einer Neuheit f\u00fcr Stadt- und Pendlerfahrten gleicherma\u00dfen macht. Mit so vielen Funktionen und Vorteilen ist der Dacia Sandero eine ausgezeichnete Wahl f\u00fcr alle, die einen erschwinglichen und unkomplizierten Lebensstil pflegen.<\/p>","protected":false},"excerpt":{"rendered":"<p>Der Dacia Sandero ist eine zuverl\u00e4ssige und wirtschaftliche Wahl f\u00fcr die Autovermietung. Diese Schr\u00e4ghecklimousine bietet bequeme Sitze, viel Platz f\u00fcr Unterhaltung und einen effizienten Kraftstoffverbrauch, was sie zu einer Neuheit f\u00fcr Stadt- und Pendlerfahrten gleicherma\u00dfen macht. Mit so vielen Funktionen und Vorteilen ist der Dacia Sandero eine ausgezeichnete Wahl f\u00fcr alle, die einen erschwinglichen und unkomplizierten Lebensstil pflegen.<\/p>","protected":false},"featured_media":932,"comment_status":"open","ping_status":"closed","template":"","meta":[],"product_brand":[],"product_cat":[30],"product_tag":[],"class_list":{"0":"post-922","1":"product","2":"type-product","3":"status-publish","4":"has-post-thumbnail","6":"product_cat-essence","8":"first","9":"instock","10":"shipping-taxable","11":"purchasable","12":"product-type-simple"},"_links":{"self":[{"href":"https:\/\/freres-car.com\/de\/wp-json\/wp\/v2\/product\/922","targetHints":{"allow":["GET"]}}],"collection":[{"href":"https:\/\/freres-car.com\/de\/wp-json\/wp\/v2\/product"}],"about":[{"href":"https:\/\/freres-car.com\/de\/wp-json\/wp\/v2\/types\/product"}],"replies":[{"embeddable":true,"href":"https:\/\/freres-car.com\/de\/wp-json\/wp\/v2\/comments?post=922"}],"version-history":[{"count":0,"href":"https:\/\/freres-car.com\/de\/wp-json\/wp\/v2\/product\/922\/revisions"}],"wp:featuredmedia":[{"embeddable":true,"href":"https:\/\/freres-car.com\/de\/wp-json\/wp\/v2\/media\/932"}],"wp:attachment":[{"href":"https:\/\/freres-car.com\/de\/wp-json\/wp\/v2\/media?parent=922"}],"wp:term":[{"taxonomy":"product_brand","embeddable":true,"href":"https:\/\/freres-car.com\/de\/wp-json\/wp\/v2\/product_brand?post=922"},{"taxonomy":"product_cat","embeddable":true,"href":"https:\/\/freres-car.com\/de\/wp-json\/wp\/v2\/product_cat?post=922"},{"taxonomy":"product_tag","embeddable":true,"href":"https:\/\/freres-car.com\/de\/wp-json\/wp\/v2\/product_tag?post=922"}],"curies":[{"name":"wp","href":"https:\/\/api.w.org\/{rel}","templated":true}]}}