{"id":11,"date":"2024-10-08T16:35:38","date_gmt":"2024-10-08T16:35:38","guid":{"rendered":"https:\/\/staging.freres-car.com\/cart\/"},"modified":"2024-10-08T16:35:38","modified_gmt":"2024-10-08T16:35:38","slug":"chariot","status":"publish","type":"page","link":"https:\/\/freres-car.com\/fr\/cart\/","title":{"rendered":"Chariot"},"content":{"rendered":"<div data-block-name=\"woocommerce\/cart\" class=\"wp-block-woocommerce-cart alignwide is-loading\">\n<div data-block-name=\"woocommerce\/filled-cart-block\" class=\"wp-block-woocommerce-filled-cart-block\">\n<div data-block-name=\"woocommerce\/cart-items-block\" class=\"wp-block-woocommerce-cart-items-block\">\n<div data-block-name=\"woocommerce\/cart-line-items-block\" class=\"wp-block-woocommerce-cart-line-items-block\"><\/div>\n\n\n\n<div data-block-name=\"woocommerce\/cart-cross-sells-block\" class=\"wp-block-woocommerce-cart-cross-sells-block\">\n<h2 class=\"wp-block-heading has-large-font-size\">Vous pourriez \u00eatre int\u00e9ress\u00e9 par...<\/h2>\n\n\n\n<div data-block-name=\"woocommerce\/cart-cross-sells-products-block\" class=\"wp-block-woocommerce-cart-cross-sells-products-block\"><\/div>\n<\/div>\n<\/div>\n\n\n\n<div data-block-name=\"woocommerce\/cart-totals-block\" class=\"wp-block-woocommerce-cart-totals-block\">\n<div data-block-name=\"woocommerce\/cart-order-summary-block\" class=\"wp-block-woocommerce-cart-order-summary-block\">\n<div data-block-name=\"woocommerce\/cart-order-summary-heading-block\" class=\"wp-block-woocommerce-cart-order-summary-heading-block\"><\/div><div data-block-name=\"woocommerce\/cart-order-summary-coupon-form-block\" class=\"wp-block-woocommerce-cart-order-summary-coupon-form-block\"><\/div><div data-block-name=\"woocommerce\/cart-order-summary-totals-block\" class=\"wp-block-woocommerce-cart-order-summary-totals-block\">\n<div data-block-name=\"woocommerce\/cart-order-summary-subtotal-block\" class=\"wp-block-woocommerce-cart-order-summary-subtotal-block\"><\/div>\n<div data-block-name=\"woocommerce\/cart-order-summary-discount-block\" class=\"wp-block-woocommerce-cart-order-summary-discount-block\"><\/div>\n<div data-block-name=\"woocommerce\/cart-order-summary-fee-block\" class=\"wp-block-woocommerce-cart-order-summary-fee-block\"><\/div>\n<div data-block-name=\"woocommerce\/cart-order-summary-shipping-block\" class=\"wp-block-woocommerce-cart-order-summary-shipping-block\"><\/div>\n<div data-block-name=\"woocommerce\/cart-order-summary-taxes-block\" class=\"wp-block-woocommerce-cart-order-summary-taxes-block\"><\/div><\/div>\n<\/div>\n\n\n\n<div data-block-name=\"woocommerce\/cart-express-payment-block\" class=\"wp-block-woocommerce-cart-express-payment-block\"><\/div>\n\n\n\n<div data-block-name=\"woocommerce\/proceed-to-checkout-block\" class=\"wp-block-woocommerce-proceed-to-checkout-block\"><\/div>\n\n\n\n<div data-block-name=\"woocommerce\/cart-accepted-payment-methods-block\" class=\"wp-block-woocommerce-cart-accepted-payment-methods-block\"><\/div>\n<\/div>\n<\/div>\n\n\n\n<div data-block-name=\"woocommerce\/empty-cart-block\" class=\"wp-block-woocommerce-empty-cart-block\">\n<h2 class=\"wp-block-heading has-text-align-center with-empty-cart-icon wc-block-cart__empty-cart__title\">Votre panier est actuellement vide !<\/h2>\n\n\n\n<hr class=\"wp-block-separator has-alpha-channel-opacity is-style-dots\"\/>\n\n\n\n<h2 class=\"wp-block-heading has-text-align-center\">Nouveau en magasin<\/h2>\n\n\n<div data-block-name=\"woocommerce\/product-new\" data-columns=\"4\" data-rows=\"1\" class=\"wc-block-grid wp-block-product-new wp-block-woocommerce-product-new wc-block-product-new has-4-columns\"><ul class=\"wc-block-grid__products\"><li class=\"wc-block-grid__product\">\n\t\t\t\t<a href=\"https:\/\/freres-car.com\/fr\/third-additional-driver\/\" class=\"wc-block-grid__product-link\">\n\t\t\t\t\t\n\t\t\t\t\t<div class=\"wc-block-grid__product-image\"><img fetchpriority=\"high\" decoding=\"async\" width=\"300\" height=\"300\" src=\"https:\/\/freres-car.com\/wp-content\/uploads\/2024\/10\/license-300x300-1.png\" class=\"attachment-woocommerce_thumbnail size-woocommerce_thumbnail\" alt=\"Deuxi\u00e8me Conducteur\" srcset=\"https:\/\/freres-car.com\/wp-content\/uploads\/2024\/10\/license-300x300-1.png 300w, https:\/\/freres-car.com\/wp-content\/uploads\/2024\/10\/license-300x300-1-100x100.png 100w, https:\/\/freres-car.com\/wp-content\/uploads\/2024\/10\/license-300x300-1-150x150.png 150w, https:\/\/freres-car.com\/wp-content\/uploads\/2024\/10\/license-300x300-1-255x255.png 255w, https:\/\/freres-car.com\/wp-content\/uploads\/2024\/10\/license-300x300-1-280x280.png 280w\" sizes=\"(max-width: 300px) 100vw, 300px\" \/><\/div>\n\t\t\t\t\t<div class=\"wc-block-grid__product-title\">Troisi\u00e8me conducteur suppl\u00e9mentaire<\/div>\n\t\t\t\t<\/a>\n\t\t\t\t<div class=\"wc-block-grid__product-price price\"><\/div>\n\t\t\t\t\n\t\t\t\t<div class=\"wp-block-button wc-block-grid__product-add-to-cart\"><a href=\"\/fr\/wp-json\/wp\/v2\/pages\/11?add-to-cart=2663\" aria-label=\"Ajouter au panier\u00a0: \u201cThird Additional Driver\u201d\" data-quantity=\"1\" data-product_id=\"2663\" data-product_sku=\"\" data-price=\"0\" rel=\"nofollow\" class=\"wp-block-button__link  add_to_cart_button ajax_add_to_cart\" data-no-translation=\"\" data-trp-gettext=\"\" data-no-translation-aria-label=\"\">Ajouter au panier<\/a><\/div>\n\t\t\t<\/li><li class=\"wc-block-grid__product\">\n\t\t\t\t<a href=\"https:\/\/freres-car.com\/fr\/recovery-fee\/\" class=\"wc-block-grid__product-link\">\n\t\t\t\t\t<div class=\"wc-block-grid__product-onsale\">\n\t\t\t<span aria-hidden=\"true\" data-no-translation=\"\" data-trp-gettext=\"\">Promo<\/span>\n\t\t\t<span class=\"screen-reader-text\" data-no-translation=\"\" data-trp-gettext=\"\">Produit en promotion<\/span>\n\t\t<\/div>\n\t\t\t\t\t<div class=\"wc-block-grid__product-image\"><img decoding=\"async\" width=\"300\" height=\"300\" src=\"https:\/\/freres-car.com\/wp-content\/uploads\/2025\/05\/distance-300x300.png\" class=\"attachment-woocommerce_thumbnail size-woocommerce_thumbnail\" alt=\"FRAIS DE RECOUVREMENT\" srcset=\"https:\/\/freres-car.com\/wp-content\/uploads\/2025\/05\/distance-300x300.png 300w, https:\/\/freres-car.com\/wp-content\/uploads\/2025\/05\/distance-150x150.png 150w, https:\/\/freres-car.com\/wp-content\/uploads\/2025\/05\/distance-12x12.png 12w, https:\/\/freres-car.com\/wp-content\/uploads\/2025\/05\/distance-255x255.png 255w, https:\/\/freres-car.com\/wp-content\/uploads\/2025\/05\/distance-510x510.png 510w, https:\/\/freres-car.com\/wp-content\/uploads\/2025\/05\/distance-280x280.png 280w, https:\/\/freres-car.com\/wp-content\/uploads\/2025\/05\/distance-350x350.png 350w, https:\/\/freres-car.com\/wp-content\/uploads\/2025\/05\/distance-398x398.png 398w, https:\/\/freres-car.com\/wp-content\/uploads\/2025\/05\/distance-100x100.png 100w, https:\/\/freres-car.com\/wp-content\/uploads\/2025\/05\/distance.png 512w\" sizes=\"(max-width: 300px) 100vw, 300px\" \/><\/div>\n\t\t\t\t\t<div class=\"wc-block-grid__product-title\">FRAIS DE RECOUVREMENT<\/div>\n\t\t\t\t<\/a>\n\t\t\t\t<div class=\"wc-block-grid__product-price price\"><\/div>\n\t\t\t\t\n\t\t\t\t<div class=\"wp-block-button wc-block-grid__product-add-to-cart\"><a href=\"\/fr\/wp-json\/wp\/v2\/pages\/11?add-to-cart=2268\" aria-label=\"Ajouter au panier\u00a0: \u201cRECOVERY FEE\u201d\" data-quantity=\"1\" data-product_id=\"2268\" data-product_sku=\"\" data-price=\"40\" rel=\"nofollow\" class=\"wp-block-button__link  add_to_cart_button ajax_add_to_cart\" data-no-translation=\"\" data-trp-gettext=\"\" data-no-translation-aria-label=\"\">Ajouter au panier<\/a><\/div>\n\t\t\t<\/li><li class=\"wc-block-grid__product\">\n\t\t\t\t<a href=\"https:\/\/freres-car.com\/fr\/delivery-fee\/\" class=\"wc-block-grid__product-link\">\n\t\t\t\t\t<div class=\"wc-block-grid__product-onsale\">\n\t\t\t<span aria-hidden=\"true\" data-no-translation=\"\" data-trp-gettext=\"\">Promo<\/span>\n\t\t\t<span class=\"screen-reader-text\" data-no-translation=\"\" data-trp-gettext=\"\">Produit en promotion<\/span>\n\t\t<\/div>\n\t\t\t\t\t<div class=\"wc-block-grid__product-image\"><img decoding=\"async\" width=\"300\" height=\"300\" src=\"https:\/\/freres-car.com\/wp-content\/uploads\/2025\/05\/distance-300x300.png\" class=\"attachment-woocommerce_thumbnail size-woocommerce_thumbnail\" alt=\"FRAIS DE LIVRAISON\" srcset=\"https:\/\/freres-car.com\/wp-content\/uploads\/2025\/05\/distance-300x300.png 300w, https:\/\/freres-car.com\/wp-content\/uploads\/2025\/05\/distance-150x150.png 150w, https:\/\/freres-car.com\/wp-content\/uploads\/2025\/05\/distance-12x12.png 12w, https:\/\/freres-car.com\/wp-content\/uploads\/2025\/05\/distance-255x255.png 255w, https:\/\/freres-car.com\/wp-content\/uploads\/2025\/05\/distance-510x510.png 510w, https:\/\/freres-car.com\/wp-content\/uploads\/2025\/05\/distance-280x280.png 280w, https:\/\/freres-car.com\/wp-content\/uploads\/2025\/05\/distance-350x350.png 350w, https:\/\/freres-car.com\/wp-content\/uploads\/2025\/05\/distance-398x398.png 398w, https:\/\/freres-car.com\/wp-content\/uploads\/2025\/05\/distance-100x100.png 100w, https:\/\/freres-car.com\/wp-content\/uploads\/2025\/05\/distance.png 512w\" sizes=\"(max-width: 300px) 100vw, 300px\" \/><\/div>\n\t\t\t\t\t<div class=\"wc-block-grid__product-title\">FRAIS DE LIVRAISON<\/div>\n\t\t\t\t<\/a>\n\t\t\t\t<div class=\"wc-block-grid__product-price price\"><\/div>\n\t\t\t\t\n\t\t\t\t<div class=\"wp-block-button wc-block-grid__product-add-to-cart\"><a href=\"\/fr\/wp-json\/wp\/v2\/pages\/11?add-to-cart=2252\" aria-label=\"Ajouter au panier\u00a0: \u201cDELIVERY FEE\u201d\" data-quantity=\"1\" data-product_id=\"2252\" data-product_sku=\"\" data-price=\"40\" rel=\"nofollow\" class=\"wp-block-button__link  add_to_cart_button ajax_add_to_cart\" data-no-translation=\"\" data-trp-gettext=\"\" data-no-translation-aria-label=\"\">Ajouter au panier<\/a><\/div>\n\t\t\t<\/li><li class=\"wc-block-grid__product\">\n\t\t\t\t<a href=\"https:\/\/freres-car.com\/fr\/kia-picanto-ma\/\" class=\"wc-block-grid__product-link\">\n\t\t\t\t\t\n\t\t\t\t\t<div class=\"wc-block-grid__product-image\"><img loading=\"lazy\" decoding=\"async\" width=\"300\" height=\"300\" src=\"https:\/\/freres-car.com\/wp-content\/uploads\/2025\/03\/kia-picanto-1-300x300.png\" class=\"attachment-woocommerce_thumbnail size-woocommerce_thumbnail\" alt=\"Kia Picanto\" srcset=\"https:\/\/freres-car.com\/wp-content\/uploads\/2025\/03\/kia-picanto-1-300x300.png 300w, https:\/\/freres-car.com\/wp-content\/uploads\/2025\/03\/kia-picanto-1-150x150.png 150w, https:\/\/freres-car.com\/wp-content\/uploads\/2025\/03\/kia-picanto-1-100x100.png 100w\" sizes=\"(max-width: 300px) 100vw, 300px\" \/><\/div>\n\t\t\t\t\t<div class=\"wc-block-grid__product-title\">Kia Picanto<\/div>\n\t\t\t\t<\/a>\n\t\t\t\t<div class=\"wc-block-grid__product-price price\"><\/div>\n\t\t\t\t\n\t\t\t\t<div class=\"wp-block-button wc-block-grid__product-add-to-cart\"><a href=\"\/fr\/wp-json\/wp\/v2\/pages\/11?add-to-cart=2194\" aria-label=\"Ajouter au panier\u00a0: \u201cKia Picanto\u201d\" data-quantity=\"1\" data-product_id=\"2194\" data-product_sku=\"\" data-price=\"0\" rel=\"nofollow\" class=\"wp-block-button__link  add_to_cart_button ajax_add_to_cart\" data-no-translation=\"\" data-trp-gettext=\"\" data-no-translation-aria-label=\"\">Ajouter au panier<\/a><\/div>\n\t\t\t<\/li><\/ul><\/div><\/div>\n<\/div>","protected":false},"excerpt":{"rendered":"","protected":false},"author":1,"featured_media":0,"parent":0,"menu_order":0,"comment_status":"closed","ping_status":"closed","template":"","meta":{"footnotes":""},"class_list":["post-11","page","type-page","status-publish","hentry"],"_links":{"self":[{"href":"https:\/\/freres-car.com\/fr\/wp-json\/wp\/v2\/pages\/11","targetHints":{"allow":["GET"]}}],"collection":[{"href":"https:\/\/freres-car.com\/fr\/wp-json\/wp\/v2\/pages"}],"about":[{"href":"https:\/\/freres-car.com\/fr\/wp-json\/wp\/v2\/types\/page"}],"author":[{"embeddable":true,"href":"https:\/\/freres-car.com\/fr\/wp-json\/wp\/v2\/users\/1"}],"replies":[{"embeddable":true,"href":"https:\/\/freres-car.com\/fr\/wp-json\/wp\/v2\/comments?post=11"}],"version-history":[{"count":0,"href":"https:\/\/freres-car.com\/fr\/wp-json\/wp\/v2\/pages\/11\/revisions"}],"wp:attachment":[{"href":"https:\/\/freres-car.com\/fr\/wp-json\/wp\/v2\/media?parent=11"}],"curies":[{"name":"wp","href":"https:\/\/api.w.org\/{rel}","templated":true}]}}