{"id":919,"date":"2024-10-04T19:05:48","date_gmt":"2024-10-04T19:05:48","guid":{"rendered":"https:\/\/staging.freres-car.com\/?post_type=product&#038;p=919"},"modified":"2026-02-05T14:19:27","modified_gmt":"2026-02-05T14:19:27","slug":"dacia-logan","status":"publish","type":"product","link":"https:\/\/freres-car.com\/fr\/dacia-logan\/","title":{"rendered":"Dacia Logan"},"content":{"rendered":"<p>La Dacia Logan est une option fiable et \u00e9conomique pour la location d'une voiture. Cette voiture compacte offre suffisamment d'espace et de volume de coffre et est \u00e9conome en carburant, ce qui la rend id\u00e9ale pour la conduite en ville et les d\u00e9placements. La Dacia Logan est toujours une solution fiable pour le transport des patients qui sont soucieux de leur budget et de leur fiabilit\u00e9.<\/p>","protected":false},"excerpt":{"rendered":"<p>La Dacia Logan est une option fiable et \u00e9conomique pour la location d'une voiture. Cette voiture compacte offre un espace d\u00e9cent, un coffre suffisant et une bonne \u00e9conomie de carburant, ce qui la rend id\u00e9ale pour la conduite en ville et les voyages. La Dacia Logan est toujours une solution fiable pour le transport des patients qui sont conscients des co\u00fbts et fiables.<\/p>","protected":false},"featured_media":1370,"comment_status":"open","ping_status":"closed","template":"","meta":[],"product_brand":[],"product_cat":[29],"product_tag":[],"class_list":{"0":"post-919","1":"product","2":"type-product","3":"status-publish","4":"has-post-thumbnail","6":"product_cat-diesel","8":"first","9":"instock","10":"shipping-taxable","11":"purchasable","12":"product-type-simple"},"_links":{"self":[{"href":"https:\/\/freres-car.com\/fr\/wp-json\/wp\/v2\/product\/919","targetHints":{"allow":["GET"]}}],"collection":[{"href":"https:\/\/freres-car.com\/fr\/wp-json\/wp\/v2\/product"}],"about":[{"href":"https:\/\/freres-car.com\/fr\/wp-json\/wp\/v2\/types\/product"}],"replies":[{"embeddable":true,"href":"https:\/\/freres-car.com\/fr\/wp-json\/wp\/v2\/comments?post=919"}],"version-history":[{"count":0,"href":"https:\/\/freres-car.com\/fr\/wp-json\/wp\/v2\/product\/919\/revisions"}],"wp:featuredmedia":[{"embeddable":true,"href":"https:\/\/freres-car.com\/fr\/wp-json\/wp\/v2\/media\/1370"}],"wp:attachment":[{"href":"https:\/\/freres-car.com\/fr\/wp-json\/wp\/v2\/media?parent=919"}],"wp:term":[{"taxonomy":"product_brand","embeddable":true,"href":"https:\/\/freres-car.com\/fr\/wp-json\/wp\/v2\/product_brand?post=919"},{"taxonomy":"product_cat","embeddable":true,"href":"https:\/\/freres-car.com\/fr\/wp-json\/wp\/v2\/product_cat?post=919"},{"taxonomy":"product_tag","embeddable":true,"href":"https:\/\/freres-car.com\/fr\/wp-json\/wp\/v2\/product_tag?post=919"}],"curies":[{"name":"wp","href":"https:\/\/api.w.org\/{rel}","templated":true}]}}